{"id":497,"date":"2021-06-15T19:20:10","date_gmt":"2021-06-15T19:20:10","guid":{"rendered":"https:\/\/goah-sonnenaufgang.com\/?page_id=497"},"modified":"2024-12-18T16:59:34","modified_gmt":"2024-12-18T16:59:34","slug":"sitemap","status":"publish","type":"page","link":"https:\/\/goah-sonnenaufgang.com\/en\/sitemap\/","title":{"rendered":"Sitemap"},"content":{"rendered":"<div id=\"fws_69ea58ef69bfc\"  data-column-margin=\"default\" data-midnight=\"dark\"  class=\"wpb_row vc_row-fluid vc_row\"  style=\"padding-top: 0px; padding-bottom: 0px; \"><div class=\"row-bg-wrap\" data-bg-animation=\"none\" data-bg-animation-delay=\"\" data-bg-overlay=\"false\"><div class=\"inner-wrap row-bg-layer\" ><div class=\"row-bg viewport-desktop\"  style=\"\"><\/div><\/div><\/div><div class=\"row_col_wrap_12 col span_12 dark left\">\n\t<div  class=\"vc_col-sm-12 wpb_column column_container vc_column_container col no-extra-padding inherit_tablet inherit_phone\"  data-padding-pos=\"all\" data-has-bg-color=\"false\" data-bg-color=\"\" data-bg-opacity=\"1\" data-animation=\"\" data-delay=\"0\" >\n\t\t<div class=\"vc_column-inner\" >\n\t\t\t<div class=\"wpb_wrapper\">\n\t\t\t\t\n<div class=\"wpb_text_column wpb_content_element\" >\n\t<div class=\"wpb_wrapper\">\n\t\t<h1 class=\"display-3\">Sitemap<\/h1>\n<p class=\"lead\">The sitemap helps you find content on the website <a href=\"https:\/\/goah-sonnenaufgang.com\/en\/\">www.goah-sonnenaufgang.com<\/a><\/p>\n<ul>\n<li><a href=\"https:\/\/goah-sonnenaufgang.com\/en\/\">Index (Home)<\/a><\/li>\n<li><b>About<\/b>\n<ul>\n<li><a href=\"https:\/\/goah-sonnenaufgang.com\/en\/ueber-den-verein\/\">About the foundation<\/a><\/li>\n<li><a href=\"https:\/\/goah-sonnenaufgang.com\/en\/die-gruenderperson\/\">About the founding person<\/a><\/li>\n<\/ul>\n<\/li>\n<li><b>Goals<\/b>\n<ul>\n<li><a href=\"https:\/\/goah-sonnenaufgang.com\/en\/die-mission-von-goah-sonnenaufgang\/\">Mission<\/a><\/li>\n<li><a href=\"https:\/\/goah-sonnenaufgang.com\/en\/strategien\/\">Strategies<\/a><\/li>\n<li><a href=\"https:\/\/goah-sonnenaufgang.com\/en\/aktivitaeten\/\">Activities<\/a><\/li>\n<li><a href=\"https:\/\/goah-sonnenaufgang.com\/en\/erfolgsfaktoren\/\">Successfactors<\/a><\/li>\n<\/ul>\n<\/li>\n<li><b>Donations<\/b>\n<ul>\n<li><a href=\"https:\/\/goah-sonnenaufgang.com\/en\/kleidung\/\">Donate Clothing<\/a><\/li>\n<li><a href=\"https:\/\/goah-sonnenaufgang.com\/en\/diverse-andere-spenden\/\">Various Colourful Items<\/a><\/li>\n<li><a href=\"https:\/\/goah-sonnenaufgang.com\/en\/sonnenaufgang-spendenpaket\/\">Sunrise-Package<\/a><\/li>\n<li><a href=\"https:\/\/goah-sonnenaufgang.com\/en\/finanzielle-unterstuetzung\/\">Financial Support<\/a><\/li>\n<\/ul>\n<\/li>\n<li><a href=\"https:\/\/goah-sonnenaufgang.com\/en\/galerie\/\">Gallery<\/a><\/li>\n<li><a href=\"https:\/\/goah-sonnenaufgang.com\/en\/kontakt\/\">Contact<\/a><\/li>\n<li><a href=\"https:\/\/goah-sonnenaufgang.com\/en\" hreflang=\"en\">English<\/a><\/li>\n<\/ul>\n<hr \/>\n<ul>\n<li><a href=\"https:\/\/goah-sonnenaufgang.com\/en\/datenschutzerklaerung\/\">Privacy Policy<\/a><\/li>\n<li><a href=\"https:\/\/goah-sonnenaufgang.com\/en\/sitemap\/\">Sitemap<\/a><\/li>\n<li><a href=\"https:\/\/goah-sonnenaufgang.com\/en\/impressum\/\">Imprint<\/a><\/li>\n<li><a href=\"https:\/\/goah-sonnenaufgang.com\/en\/galerie-1-jahr-goah\/\">Gallery 1-year celebration<\/a><\/li>\n<\/ul>\n\t<\/div>\n<\/div>\n\n\n\n\n\t\t\t<\/div> \n\t\t<\/div>\n\t<\/div> \n<\/div><\/div>","protected":false},"excerpt":{"rendered":"Sitemap Die Sitemap unterst\u00fctzt Sie bei der Findung von Inhalten auf der Website www.goah-sonnenaufgang.com Index (Home) \u00dcber \u00dcber Goah \u00dcber Mich Ziele Mission Strategien Aktivit\u00e4ten Erfolgsfaktoren Spenden Kleidung Diverses Sonnenaufgang-Paket...","protected":false},"author":1,"featured_media":0,"parent":0,"menu_order":0,"comment_status":"closed","ping_status":"closed","template":"","meta":{"footnotes":""},"class_list":["post-497","page","type-page","status-publish"],"_links":{"self":[{"href":"https:\/\/goah-sonnenaufgang.com\/en\/wp-json\/wp\/v2\/pages\/497","targetHints":{"allow":["GET"]}}],"collection":[{"href":"https:\/\/goah-sonnenaufgang.com\/en\/wp-json\/wp\/v2\/pages"}],"about":[{"href":"https:\/\/goah-sonnenaufgang.com\/en\/wp-json\/wp\/v2\/types\/page"}],"author":[{"embeddable":true,"href":"https:\/\/goah-sonnenaufgang.com\/en\/wp-json\/wp\/v2\/users\/1"}],"replies":[{"embeddable":true,"href":"https:\/\/goah-sonnenaufgang.com\/en\/wp-json\/wp\/v2\/comments?post=497"}],"version-history":[{"count":2,"href":"https:\/\/goah-sonnenaufgang.com\/en\/wp-json\/wp\/v2\/pages\/497\/revisions"}],"predecessor-version":[{"id":500,"href":"https:\/\/goah-sonnenaufgang.com\/en\/wp-json\/wp\/v2\/pages\/497\/revisions\/500"}],"wp:attachment":[{"href":"https:\/\/goah-sonnenaufgang.com\/en\/wp-json\/wp\/v2\/media?parent=497"}],"curies":[{"name":"wp","href":"https:\/\/api.w.org\/{rel}","templated":true}]}}