{"id":361,"date":"2021-03-08T16:02:14","date_gmt":"2021-03-08T16:02:14","guid":{"rendered":"https:\/\/goah-sonnenaufgang.com\/?page_id=361"},"modified":"2024-12-18T16:59:33","modified_gmt":"2024-12-18T16:59:33","slug":"cookie-richtlinie","status":"publish","type":"page","link":"https:\/\/goah-sonnenaufgang.com\/en\/cookie-richtlinie\/","title":{"rendered":"Cookie Policy"},"content":{"rendered":"<div id=\"fws_69f544bb920d8\"  data-column-margin=\"default\" data-midnight=\"dark\"  class=\"wpb_row vc_row-fluid vc_row\"  style=\"padding-top: 0px; padding-bottom: 0px; \"><div class=\"row-bg-wrap\" data-bg-animation=\"none\" data-bg-animation-delay=\"\" data-bg-overlay=\"false\"><div class=\"inner-wrap row-bg-layer\" ><div class=\"row-bg viewport-desktop\"  style=\"\"><\/div><\/div><\/div><div class=\"row_col_wrap_12 col span_12 dark left\">\n\t<div  class=\"vc_col-sm-12 wpb_column column_container vc_column_container col no-extra-padding inherit_tablet inherit_phone\"  data-padding-pos=\"all\" data-has-bg-color=\"false\" data-bg-color=\"\" data-bg-opacity=\"1\" data-animation=\"\" data-delay=\"0\" >\n\t\t<div class=\"vc_column-inner\" >\n\t\t\t<div class=\"wpb_wrapper\">\n\t\t\t\t\n<div class=\"wpb_text_column wpb_content_element\" >\n\t<div class=\"wpb_wrapper\">\n\t\t<h1>Cookie Policy<\/h1>\n\t<\/div>\n<\/div>\n\n\n\n\n<div class=\"wpb_text_column wpb_content_element\" >\n\t<div class=\"wpb_wrapper\">\n\t\t<p>www.goah-sonnenaufgang.com uses so-called browser cookies (hereinafter referred to as \"cookies\") in order to simplify the use of this website and its applications (hereinafter referred to as the \"Website\") and to provide clues to improve the information and services accessible via the Website. In this cookie policy we inform you about the use of cookies on the website.<\/p>\n\t<\/div>\n<\/div>\n\n\n\n\n\t\t\t<\/div> \n\t\t<\/div>\n\t<\/div> \n<\/div><\/div>\n\t\t<div id=\"fws_69f544bb93e32\"  data-column-margin=\"default\" data-midnight=\"dark\"  class=\"wpb_row vc_row-fluid vc_row\"  style=\"padding-top: 0px; padding-bottom: 0px; \"><div class=\"row-bg-wrap\" data-bg-animation=\"none\" data-bg-animation-delay=\"\" data-bg-overlay=\"false\"><div class=\"inner-wrap row-bg-layer\" ><div class=\"row-bg viewport-desktop\"  style=\"\"><\/div><\/div><\/div><div class=\"row_col_wrap_12 col span_12 dark left\">\n\t<div  class=\"vc_col-sm-12 wpb_column column_container vc_column_container col no-extra-padding inherit_tablet inherit_phone\"  data-padding-pos=\"all\" data-has-bg-color=\"false\" data-bg-color=\"\" data-bg-opacity=\"1\" data-animation=\"\" data-delay=\"0\" >\n\t\t<div class=\"vc_column-inner\" >\n\t\t\t<div class=\"wpb_wrapper\">\n\t\t\t\t\n<div class=\"wpb_text_column wpb_content_element\" >\n\t<div class=\"wpb_wrapper\">\n\t\t<h2>This is how Cookies work<\/h2>\n<p>Cookies are small text files that the browser stores in a designated directory on the user's computer. Cookies allow, for example, text entries once placed in form fields on the website so that you do not need to re-enter them when you next visit the site or switch between features of the site.<\/p>\n\t<\/div>\n<\/div>\n\n\n\n\n\t\t\t<\/div> \n\t\t<\/div>\n\t<\/div> \n<\/div><\/div>\n\t\t<div id=\"fws_69f544bb94c10\"  data-column-margin=\"default\" data-midnight=\"dark\"  class=\"wpb_row vc_row-fluid vc_row\"  style=\"padding-top: 0px; padding-bottom: 0px; \"><div class=\"row-bg-wrap\" data-bg-animation=\"none\" data-bg-animation-delay=\"\" data-bg-overlay=\"false\"><div class=\"inner-wrap row-bg-layer\" ><div class=\"row-bg viewport-desktop\"  style=\"\"><\/div><\/div><\/div><div class=\"row_col_wrap_12 col span_12 dark left\">\n\t<div  class=\"vc_col-sm-12 wpb_column column_container vc_column_container col no-extra-padding inherit_tablet inherit_phone\"  data-padding-pos=\"all\" data-has-bg-color=\"false\" data-bg-color=\"\" data-bg-opacity=\"1\" data-animation=\"\" data-delay=\"0\" >\n\t\t<div class=\"vc_column-inner\" >\n\t\t\t<div class=\"wpb_wrapper\">\n\t\t\t\t\n<div class=\"wpb_text_column wpb_content_element\" >\n\t<div class=\"wpb_wrapper\">\n\t\t<h2>Cookie-Settings<\/h2>\n<p>You can decide for yourself whether the web server of our website may store cookies on your computer or not. At any time you have the option to set your browser so that no cookies are accepted and stored. Instead, you can always get a warning message before accepting a cookie or set the browser to accept only cookies from certain websites. You can also delete previously saved cookies at any time.<\/p>\n<p>Please note that the use of certain functions of our website may be restricted or prohibited if you reject cookies from the website. To simplify the use of the website, we therefore recommend that you set your browser to accept cookies from the website.<\/p>\n\t<\/div>\n<\/div>\n\n\n\n\n\t\t\t<\/div> \n\t\t<\/div>\n\t<\/div> \n<\/div><\/div>\n\t\t<div id=\"fws_69f544bb9584a\"  data-column-margin=\"default\" data-midnight=\"dark\"  class=\"wpb_row vc_row-fluid vc_row\"  style=\"padding-top: 0px; padding-bottom: 0px; \"><div class=\"row-bg-wrap\" data-bg-animation=\"none\" data-bg-animation-delay=\"\" data-bg-overlay=\"false\"><div class=\"inner-wrap row-bg-layer\" ><div class=\"row-bg viewport-desktop\"  style=\"\"><\/div><\/div><\/div><div class=\"row_col_wrap_12 col span_12 dark left\">\n\t<div  class=\"vc_col-sm-12 wpb_column column_container vc_column_container col no-extra-padding inherit_tablet inherit_phone\"  data-padding-pos=\"all\" data-has-bg-color=\"false\" data-bg-color=\"\" data-bg-opacity=\"1\" data-animation=\"\" data-delay=\"0\" >\n\t\t<div class=\"vc_column-inner\" >\n\t\t\t<div class=\"wpb_wrapper\">\n\t\t\t\t\n<div class=\"wpb_text_column wpb_content_element\" >\n\t<div class=\"wpb_wrapper\">\n\t\t<h2>Web Analytics Services<\/h2>\n<p>We use web analytics services to generally analyze the use of the website and to provide pointers for improving our service. The web analytics services use cookies to collect data. The information generated thereby (for example IP address and browser type) can be transmitted anonymously to a server of the web analysis service in Germany or abroad, where it can be stored and edited. By setting your browser accordingly or by setting an opt-out cookie of the respective web analysis service, you can prevent it from setting cookies on your computer and collecting data.<\/p>\n\t<\/div>\n<\/div>\n\n\n\n\n\t\t\t<\/div> \n\t\t<\/div>\n\t<\/div> \n<\/div><\/div>","protected":false},"excerpt":{"rendered":"Cookie Richtlinie www.goah-sonnenaufgang.com setzt sogenannte Browser-Cookies (nachfolgend \"Cookie\") ein, um die Nutzung dieser Website und Anwendungen (nachfolgend \"Website\") zu vereinfachen und Anhaltspunkte f\u00fcr die Verbesserung der \u00fcber die Website zug\u00e4nglichen...","protected":false},"author":1,"featured_media":0,"parent":0,"menu_order":0,"comment_status":"closed","ping_status":"closed","template":"","meta":{"footnotes":""},"class_list":["post-361","page","type-page","status-publish"],"_links":{"self":[{"href":"https:\/\/goah-sonnenaufgang.com\/en\/wp-json\/wp\/v2\/pages\/361","targetHints":{"allow":["GET"]}}],"collection":[{"href":"https:\/\/goah-sonnenaufgang.com\/en\/wp-json\/wp\/v2\/pages"}],"about":[{"href":"https:\/\/goah-sonnenaufgang.com\/en\/wp-json\/wp\/v2\/types\/page"}],"author":[{"embeddable":true,"href":"https:\/\/goah-sonnenaufgang.com\/en\/wp-json\/wp\/v2\/users\/1"}],"replies":[{"embeddable":true,"href":"https:\/\/goah-sonnenaufgang.com\/en\/wp-json\/wp\/v2\/comments?post=361"}],"version-history":[{"count":2,"href":"https:\/\/goah-sonnenaufgang.com\/en\/wp-json\/wp\/v2\/pages\/361\/revisions"}],"predecessor-version":[{"id":363,"href":"https:\/\/goah-sonnenaufgang.com\/en\/wp-json\/wp\/v2\/pages\/361\/revisions\/363"}],"wp:attachment":[{"href":"https:\/\/goah-sonnenaufgang.com\/en\/wp-json\/wp\/v2\/media?parent=361"}],"curies":[{"name":"wp","href":"https:\/\/api.w.org\/{rel}","templated":true}]}}