{"id":29,"date":"2021-02-22T10:43:02","date_gmt":"2021-02-22T10:43:02","guid":{"rendered":"http:\/\/goah-sonnenaufgang.com\/?page_id=29"},"modified":"2024-12-19T13:22:09","modified_gmt":"2024-12-19T13:22:09","slug":"aktivitaeten","status":"publish","type":"page","link":"https:\/\/goah-sonnenaufgang.com\/en\/aktivitaeten\/","title":{"rendered":"Activities"},"content":{"rendered":"<div id=\"fws_69e8fd2905a63\"  data-column-margin=\"default\" data-midnight=\"dark\"  class=\"wpb_row vc_row-fluid vc_row\"  style=\"padding-top: 0px; padding-bottom: 0px; \"><div class=\"row-bg-wrap\" data-bg-animation=\"none\" data-bg-animation-delay=\"\" data-bg-overlay=\"false\"><div class=\"inner-wrap row-bg-layer\" ><div class=\"row-bg viewport-desktop\"  style=\"\"><\/div><\/div><\/div><div class=\"row_col_wrap_12 col span_12 dark left\">\n\t<div  class=\"vc_col-sm-12 wpb_column column_container vc_column_container col no-extra-padding inherit_tablet inherit_phone\"  data-padding-pos=\"all\" data-has-bg-color=\"false\" data-bg-color=\"\" data-bg-opacity=\"1\" data-animation=\"\" data-delay=\"0\" >\n\t\t<div class=\"vc_column-inner\" >\n\t\t\t<div class=\"wpb_wrapper\">\n\t\t\t\t\n<div class=\"wpb_text_column wpb_content_element\" >\n\t<div class=\"wpb_wrapper\">\n\t\t<h1>Activities<\/h1>\n\t<\/div>\n<\/div>\n\n\n\n\n<div class=\"wpb_text_column wpb_content_element  vc_custom_1614592184066\" >\n\t<div class=\"wpb_wrapper\">\n\t\t<p>The major activity of Goah is selecting deprived street children and supporting them by providing food allowance, donating clothes, giving educational material and school uniform support, providing personal hygiene and sanitation allowance, giving medical examination and drug support, giving tutorial classes and rewarding top students, training children in self-reliance skills, providing training and counseling to children, their caregivers, and volunteers from the community. Goah will give self-reliance skill training to children who are exposed to the worst forms of child labor due to the need to care for their sick parents. The details of each activity are given below.<\/p>\n\t<\/div>\n<\/div>\n\n\n\n\n\t\t\t<\/div> \n\t\t<\/div>\n\t<\/div> \n<\/div><\/div>\n\t\t<div id=\"fws_69e8fd2907d86\"  data-column-margin=\"default\" data-midnight=\"dark\" data-top-percent=\"2%\" data-bottom-percent=\"2%\"  class=\"wpb_row vc_row-fluid vc_row\"  style=\"padding-top: calc(100vw * 0.02); padding-bottom: calc(100vw * 0.02); \"><div class=\"row-bg-wrap\" data-bg-animation=\"none\" data-bg-animation-delay=\"\" data-bg-overlay=\"false\"><div class=\"inner-wrap row-bg-layer\" ><div class=\"row-bg viewport-desktop\"  style=\"\"><\/div><\/div><\/div><div class=\"row_col_wrap_12 col span_12 dark left\">\n\t<div  class=\"vc_col-sm-12 wpb_column column_container vc_column_container col no-extra-padding inherit_tablet inherit_phone\"  data-padding-pos=\"all\" data-has-bg-color=\"false\" data-bg-color=\"\" data-bg-opacity=\"1\" data-animation=\"\" data-delay=\"0\" >\n\t\t<div class=\"vc_column-inner\" >\n\t\t\t<div class=\"wpb_wrapper\">\n\t\t\t\t\n<div class=\"wpb_text_column wpb_content_element\" >\n\t<div class=\"wpb_wrapper\">\n\t\t<h2 style=\"text-align: center;\">Selection of Beneficiaries<\/h2>\n\t<\/div>\n<\/div>\n\n\n\n\n<div class=\"wpb_text_column wpb_content_element  vc_custom_1614592435870\" >\n\t<div class=\"wpb_wrapper\">\n\t\t<p>Efforts are made to reach the most vulnerable orphans when selecting children for support. There is no discrimination based on race, religion, or gender. Children are selected according to the following criteria: a child who has lost one or both parents, whose parents are too ill to support them, children who live on the streets, children exposed to various forms of abuse, and school-aged children who cannot afford to attend school are prioritized.<\/p>\n\t<\/div>\n<\/div>\n\n\n\n\n<div class=\"wpb_text_column wpb_content_element  vc_custom_1614592350032\" >\n\t<div class=\"wpb_wrapper\">\n\t\t<p>In selection of foster children, a joint orphans and vulnerable children (OVC) task force comprising of community representatives, Community based organizations (CBOs) and Goah project staffs will take the responsibility of recruiting new children.<\/p>\n\t<\/div>\n<\/div>\n\n\n\n\n<div class=\"wpb_text_column wpb_content_element  vc_custom_1614592365457\" >\n\t<div class=\"wpb_wrapper\">\n\t\t<p>Once accepted, the child is brought into the Goah Children Centre, where a social worker is assigned, and the child is matched with a qualified caregiver. The length of their stay depends on how long it takes to organize long-term care. Each child\u2019s progress is closely monitored during their stay and following placement, with necessary interventions taken as required. Children are responsible for attending school, participating in community service, writing monthly letters to their personal sponsors, and accompanying caregivers to receive monthly support.<\/p>\n\t<\/div>\n<\/div>\n\n\n\n\n\t\t\t<\/div> \n\t\t<\/div>\n\t<\/div> \n<\/div><\/div>\n\t\t<div id=\"fws_69e8fd2909788\"  data-column-margin=\"20px\" data-midnight=\"dark\" data-top-percent=\"5%\" data-bottom-percent=\"5%\"  class=\"wpb_row vc_row-fluid vc_row full-width-section\"  style=\"padding-top: calc(100vw * 0.05); padding-bottom: calc(100vw * 0.05); \"><div class=\"row-bg-wrap\" data-bg-animation=\"none\" data-bg-animation-delay=\"\" data-bg-overlay=\"false\"><div class=\"inner-wrap row-bg-layer\" ><div class=\"row-bg viewport-desktop using-bg-color\"  style=\"background-color: #007e33; \"><\/div><\/div><\/div><div class=\"row_col_wrap_12 col span_12 dark left\">\n\t<div style=\" color: #ffffff;\" class=\"vc_col-sm-6 wpb_column column_container vc_column_container col padding-1-percent inherit_tablet inherit_phone\" data-cfc=\"true\"  data-padding-pos=\"all\" data-has-bg-color=\"false\" data-bg-color=\"\" data-bg-opacity=\"1\" data-animation=\"\" data-delay=\"0\" >\n\t\t<div class=\"vc_column-inner\" >\n\t\t\t<div class=\"wpb_wrapper\">\n\t\t\t\t\n<div class=\"wpb_text_column wpb_content_element\" >\n\t<div class=\"wpb_wrapper\">\n\t\t<h2 class=\"white\">Selection of Care Homes<\/h2>\n\t<\/div>\n<\/div>\n\n\n\n\n<div class=\"wpb_text_column wpb_content_element  vc_custom_1614592428322\" >\n\t<div class=\"wpb_wrapper\">\n\t\t<p>Care homes are selected with the participation of local community representatives. Key factors for selection include: caregivers must love children and be committed to raising them as their own. Relatives willing to care for the child and meeting the qualifications are given priority. Otherwise, widows and older couples without children living in their homes are especially desirable so they can focus fully on the children. Caregivers must be well-established and have a good reputation within the community.<\/p>\n\t<\/div>\n<\/div>\n\n\n\n\n\t\t\t<\/div> \n\t\t<\/div>\n\t<\/div> \n\n\t<div style=\" color: #ffffff;\" class=\"vc_col-sm-6 wpb_column column_container vc_column_container col padding-1-percent inherit_tablet inherit_phone\" data-cfc=\"true\"  data-padding-pos=\"all\" data-has-bg-color=\"false\" data-bg-color=\"\" data-bg-opacity=\"1\" data-animation=\"\" data-delay=\"0\" >\n\t\t<div class=\"vc_column-inner\" >\n\t\t\t<div class=\"wpb_wrapper\">\n\t\t\t\t\n<div class=\"wpb_text_column wpb_content_element\" >\n\t<div class=\"wpb_wrapper\">\n\t\t<h2 class=\"white\">Monitoring of Care Homes<\/h2>\n\t<\/div>\n<\/div>\n\n\n\n\n<div class=\"wpb_text_column wpb_content_element  vc_custom_1614592583777\" >\n\t<div class=\"wpb_wrapper\">\n\t\t<p>Care homes are monitored on three levels: probationary homes (weekly evaluations for at least four weeks), stable homes (monthly evaluations for at least six months), and secure homes (evaluated twice annually). Poor evaluations of secure homes may result in their status being demoted to probationary or stable at the discretion of the social worker. Allegations of neglect or abuse are taken seriously, with immediate investigations and actions if necessary. Children are removed from unsafe environments and relocated until the matter is resolved.<\/p>\n\t<\/div>\n<\/div>\n\n\n\n\n\t\t\t<\/div> \n\t\t<\/div>\n\t<\/div> \n<\/div><\/div>\n\t\t<div id=\"fws_69e8fd290b382\"  data-column-margin=\"default\" data-midnight=\"dark\" data-top-percent=\"2%\" data-bottom-percent=\"2%\"  class=\"wpb_row vc_row-fluid vc_row vc_row-o-equal-height vc_row-flex vc_row-o-content-middle\"  style=\"padding-top: calc(100vw * 0.02); padding-bottom: calc(100vw * 0.02); \"><div class=\"row-bg-wrap\" data-bg-animation=\"none\" data-bg-animation-delay=\"\" data-bg-overlay=\"false\"><div class=\"inner-wrap row-bg-layer\" ><div class=\"row-bg viewport-desktop\"  style=\"\"><\/div><\/div><\/div><div class=\"row_col_wrap_12 col span_12 dark left\">\n\t<div  class=\"vc_col-sm-6 wpb_column column_container vc_column_container col padding-2-percent inherit_tablet inherit_phone\"  data-padding-pos=\"all\" data-has-bg-color=\"false\" data-bg-color=\"\" data-bg-opacity=\"1\" data-animation=\"\" data-delay=\"0\" >\n\t\t<div class=\"vc_column-inner\" >\n\t\t\t<div class=\"wpb_wrapper\">\n\t\t\t\t\n<div class=\"wpb_text_column wpb_content_element\" >\n\t<div class=\"wpb_wrapper\">\n\t\t<h2>Activities of Social Workers<\/h2>\n\t<\/div>\n<\/div>\n\n\n\n\n<div class=\"wpb_text_column wpb_content_element  vc_custom_1614592713626\" >\n\t<div class=\"wpb_wrapper\">\n\t\t<p>Social workers are hired by Goah in consultation with community representatives. Their responsibilities include<\/p>\n\t<\/div>\n<\/div>\n\n\n\n<div class=\"nectar-fancy-ul\" data-list-icon=\"icon-salient-thin-line\" data-animation=\"false\" data-animation-delay=\"0\" data-color=\"accent-color\" data-spacing=\"default\" data-alignment=\"left\"> \n<ul>\n<li>Identifying and qualifying care homes<\/li>\n<li>Evaluating children for program participation<\/li>\n<li>Researching the history and family of potential beneficiaries<\/li>\n<li>Matching and placing children with qualified care homes<\/li>\n<li>Conducting evaluations of care homes at required intervals<\/li>\n<li>Investigating any reports of abuse or neglect<\/li>\n<li>Ensuring compliance with local laws<\/li>\n<li>Organizing monthly support meetings for caregivers<\/li>\n<li>Conducting special activities for children each month<\/li>\n<li>Ensuring proper distribution of aid to families<\/li>\n<li>Attend the monthly social worker meetings<\/li>\n<li>Providing counseling and support to children and caregivers<\/li>\n<li>Intervene on behalf of their foster children, in matters affecting their safety and wellbeing and comply with all laws and meet any legal requirements from any and all government authorities<\/li>\n<\/ul>\n <\/div>\n\t\t\t<\/div> \n\t\t<\/div>\n\t<\/div> \n\n\t<div  class=\"vc_col-sm-6 wpb_column column_container vc_column_container col no-extra-padding inherit_tablet inherit_phone\"  data-padding-pos=\"all\" data-has-bg-color=\"false\" data-bg-color=\"\" data-bg-opacity=\"1\" data-animation=\"\" data-delay=\"0\" >\n\t\t<div class=\"vc_column-inner\" >\n\t\t\t<div class=\"wpb_wrapper\">\n\t\t\t\t<div class=\"img-with-aniamtion-wrap center\" data-max-width=\"100%\" data-max-width-mobile=\"default\" data-border-radius=\"3px\" data-shadow=\"small_depth\" data-animation=\"fade-in-from-left\" >\n      <div class=\"inner\">\n        <div class=\"hover-wrap\"> \n          <div class=\"hover-wrap-inner\">\n            <img loading=\"lazy\" decoding=\"async\" class=\"img-with-animation skip-lazy\" data-delay=\"0\" height=\"600\" width=\"800\" data-animation=\"fade-in-from-left\" src=\"https:\/\/goah-sonnenaufgang.com\/wp-content\/uploads\/2021\/03\/Aethiopischen-Strassenkindern-helfen.jpg\" alt=\"\u00c4thiopischen Stra\u00dfenkindern helfen mit Sozialarbeitern\" srcset=\"https:\/\/goah-sonnenaufgang.com\/wp-content\/uploads\/2021\/03\/Aethiopischen-Strassenkindern-helfen.jpg 800w, https:\/\/goah-sonnenaufgang.com\/wp-content\/uploads\/2021\/03\/Aethiopischen-Strassenkindern-helfen-300x225.jpg 300w, https:\/\/goah-sonnenaufgang.com\/wp-content\/uploads\/2021\/03\/Aethiopischen-Strassenkindern-helfen-768x576.jpg 768w, https:\/\/goah-sonnenaufgang.com\/wp-content\/uploads\/2021\/03\/Aethiopischen-Strassenkindern-helfen-16x12.jpg 16w\" sizes=\"auto, (max-width: 800px) 100vw, 800px\" \/>\n          <\/div>\n        <\/div>\n      <\/div>\n    <\/div>\n\t\t\t<\/div> \n\t\t<\/div>\n\t<\/div> \n<\/div><\/div>\n\t\t<div id=\"fws_69e8fd290d499\"  data-column-margin=\"default\" data-midnight=\"dark\"  class=\"wpb_row vc_row-fluid vc_row\"  style=\"padding-top: 0px; padding-bottom: 0px; \"><div class=\"row-bg-wrap\" data-bg-animation=\"none\" data-bg-animation-delay=\"\" data-bg-overlay=\"false\"><div class=\"inner-wrap row-bg-layer\" ><div class=\"row-bg viewport-desktop\"  style=\"\"><\/div><\/div><\/div><div class=\"row_col_wrap_12 col span_12 dark left\">\n\t<div  class=\"vc_col-sm-6 wpb_column column_container vc_column_container col no-extra-padding inherit_tablet inherit_phone\"  data-padding-pos=\"all\" data-has-bg-color=\"false\" data-bg-color=\"\" data-bg-opacity=\"1\" data-animation=\"\" data-delay=\"0\" >\n\t\t<div class=\"vc_column-inner\" >\n\t\t\t<div class=\"wpb_wrapper\">\n\t\t\t\t\n<div class=\"wpb_text_column wpb_content_element\" >\n\t<div class=\"wpb_wrapper\">\n\t\t<h2>Provision of Basic Needs<\/h2>\n\t<\/div>\n<\/div>\n\n\n\n\n<div class=\"wpb_text_column wpb_content_element  vc_custom_1614602773698\" >\n\t<div class=\"wpb_wrapper\">\n\t\t<p>The Goah project provides allowances for basic needs, including food, clothing, education, and healthcare. Proper nutrition and clean water are critical for children\u2019s growth and development.<\/p>\n<p>Malnourished children risk illness, developmental delays, and weight loss. Goah is committed to transforming the lives of vulnerable street children by offering medical, psychosocial, and educational support in their communities. Long-term programs include vocational self-reliance training to help children become successful, resilient adults.<\/p>\n\t<\/div>\n<\/div>\n\n\n\n\n\t\t\t<\/div> \n\t\t<\/div>\n\t<\/div> \n\n\t<div  class=\"vc_col-sm-6 wpb_column column_container vc_column_container col no-extra-padding inherit_tablet inherit_phone\"  data-padding-pos=\"all\" data-has-bg-color=\"false\" data-bg-color=\"\" data-bg-opacity=\"1\" data-animation=\"\" data-delay=\"0\" >\n\t\t<div class=\"vc_column-inner\" >\n\t\t\t<div class=\"wpb_wrapper\">\n\t\t\t\t\n<div class=\"wpb_text_column wpb_content_element\" >\n\t<div class=\"wpb_wrapper\">\n\t\t<h2>Training the Youth in Entrepreneurial Skills<\/h2>\n\t<\/div>\n<\/div>\n\n\n\n\n<div class=\"wpb_text_column wpb_content_element  vc_custom_1614603110638\" >\n\t<div class=\"wpb_wrapper\">\n\t\t<p>Many street children lack skills in enterprise development and related activities. They also lack start-up capital. Goah\u2019s goal is to train these children in self-reliance skills and equip them with the resources needed to pursue their interests. Training covers areas such as tailoring, carpentry, crafts, hairdressing, agriculture, tourism, and computer skills. Graduates receive start-up capital and equipment to help them quickly become self-sufficient.<\/p>\n\t<\/div>\n<\/div>\n\n\n\n\n\t\t\t<\/div> \n\t\t<\/div>\n\t<\/div> \n<\/div><\/div>\n\t\t<div id=\"fws_69e8fd290ec94\"  data-column-margin=\"default\" data-midnight=\"dark\" data-top-percent=\"5%\" data-bottom-percent=\"5%\"  class=\"wpb_row vc_row-fluid vc_row full-width-section\"  style=\"padding-top: calc(100vw * 0.05); padding-bottom: calc(100vw * 0.05); \"><div class=\"row-bg-wrap\" data-bg-animation=\"none\" data-bg-animation-delay=\"\" data-bg-overlay=\"false\"><div class=\"inner-wrap row-bg-layer\" ><div class=\"row-bg viewport-desktop using-bg-color\"  style=\"background-color: #007e33; \"><\/div><\/div><\/div><div class=\"row_col_wrap_12 col span_12 dark left\">\n\t<div style=\" color: #ffffff;\" class=\"vc_col-sm-12 wpb_column column_container vc_column_container col no-extra-padding inherit_tablet inherit_phone\" data-cfc=\"true\"  data-padding-pos=\"all\" data-has-bg-color=\"false\" data-bg-color=\"\" data-bg-opacity=\"1\" data-animation=\"\" data-delay=\"0\" >\n\t\t<div class=\"vc_column-inner\" >\n\t\t\t<div class=\"wpb_wrapper\">\n\t\t\t\t\n<div class=\"wpb_text_column wpb_content_element\" >\n\t<div class=\"wpb_wrapper\">\n\t\t<h2 class=\"white\" style=\"text-align:center\">Current Status of the Goah Project<\/h2>\n\t<\/div>\n<\/div>\n\n\n\n\n<div class=\"wpb_text_column wpb_content_element  vc_custom_1734614524600\" >\n\t<div class=\"wpb_wrapper\">\n\t\t<p>Since June 2017, the Goah Children Centre in Bahir Dar has been supporting 13 street children through donations from Ms. Worknesh Menayie, the founder of Goah. Despite a limited budget, Goah provides basic needs and temporary housing in rented facilities. School arrangements are made for the children according to their age. However, the project urgently requires funding to sustain its operations and expand support for growing numbers of street children.<\/p>\n<p>Currently, the project rents facilities for housing and operations while planning to construct a permanent center. The planned center will include a library, kindergarten, craft workshops, and accommodations for children needing temporary shelter while receiving support. Additionally, it will host missionaries collaborating with Goah. However, additional material and financial support are needed to realize this vision.<\/p>\n\t<\/div>\n<\/div>\n\n\n\n\n\t\t\t<\/div> \n\t\t<\/div>\n\t<\/div> \n<\/div><\/div>","protected":false},"excerpt":{"rendered":"Aktivit\u00e4ten Die Hauptaktivit\u00e4t von Goah besteht darin, benachteiligte Stra\u00dfenkinder auszuw\u00e4hlen und sie zu unterst\u00fctzen, indem sie Essenszulage, Spendet\u00fccher, Schulmaterial und Schuluniform zur Verf\u00fcgung stellen, pers\u00f6nliche Hygiene und Hygiene gew\u00e4hren, \u00e4rztliche...","protected":false},"author":1,"featured_media":0,"parent":0,"menu_order":0,"comment_status":"closed","ping_status":"closed","template":"","meta":{"footnotes":""},"class_list":["post-29","page","type-page","status-publish"],"_links":{"self":[{"href":"https:\/\/goah-sonnenaufgang.com\/en\/wp-json\/wp\/v2\/pages\/29","targetHints":{"allow":["GET"]}}],"collection":[{"href":"https:\/\/goah-sonnenaufgang.com\/en\/wp-json\/wp\/v2\/pages"}],"about":[{"href":"https:\/\/goah-sonnenaufgang.com\/en\/wp-json\/wp\/v2\/types\/page"}],"author":[{"embeddable":true,"href":"https:\/\/goah-sonnenaufgang.com\/en\/wp-json\/wp\/v2\/users\/1"}],"replies":[{"embeddable":true,"href":"https:\/\/goah-sonnenaufgang.com\/en\/wp-json\/wp\/v2\/comments?post=29"}],"version-history":[{"count":11,"href":"https:\/\/goah-sonnenaufgang.com\/en\/wp-json\/wp\/v2\/pages\/29\/revisions"}],"predecessor-version":[{"id":523,"href":"https:\/\/goah-sonnenaufgang.com\/en\/wp-json\/wp\/v2\/pages\/29\/revisions\/523"}],"wp:attachment":[{"href":"https:\/\/goah-sonnenaufgang.com\/en\/wp-json\/wp\/v2\/media?parent=29"}],"curies":[{"name":"wp","href":"https:\/\/api.w.org\/{rel}","templated":true}]}}