{"id":24,"date":"2021-02-22T10:38:40","date_gmt":"2021-02-22T10:38:40","guid":{"rendered":"http:\/\/goah-sonnenaufgang.com\/?page_id=24"},"modified":"2024-12-18T16:59:33","modified_gmt":"2024-12-18T16:59:33","slug":"die-mission-von-goah-sonnenaufgang","status":"publish","type":"page","link":"https:\/\/goah-sonnenaufgang.com\/en\/die-mission-von-goah-sonnenaufgang\/","title":{"rendered":"The Mission of Goah Sunrise"},"content":{"rendered":"<div id=\"fws_69e8eb9ca9319\"  data-column-margin=\"default\" data-midnight=\"dark\"  class=\"wpb_row vc_row-fluid vc_row\"  style=\"padding-top: 0px; padding-bottom: 0px; \"><div class=\"row-bg-wrap\" data-bg-animation=\"none\" data-bg-animation-delay=\"\" data-bg-overlay=\"false\"><div class=\"inner-wrap row-bg-layer\" ><div class=\"row-bg viewport-desktop\"  style=\"\"><\/div><\/div><\/div><div class=\"row_col_wrap_12 col span_12 dark left\">\n\t<div  class=\"vc_col-sm-12 wpb_column column_container vc_column_container col no-extra-padding inherit_tablet inherit_phone\"  data-padding-pos=\"all\" data-has-bg-color=\"false\" data-bg-color=\"\" data-bg-opacity=\"1\" data-animation=\"\" data-delay=\"0\" >\n\t\t<div class=\"vc_column-inner\" >\n\t\t\t<div class=\"wpb_wrapper\">\n\t\t\t\t\n<div class=\"wpb_text_column wpb_content_element\" >\n\t<div class=\"wpb_wrapper\">\n\t\t<h1>Mission &amp; Vision<\/h1>\n\t<\/div>\n<\/div>\n\n\n\n\n\t\t\t<\/div> \n\t\t<\/div>\n\t<\/div> \n<\/div><\/div>\n\t\t<div id=\"fws_69e8eb9caa9a9\"  data-column-margin=\"default\" data-midnight=\"dark\"  class=\"wpb_row vc_row-fluid vc_row vc_row-o-equal-height vc_row-flex vc_row-o-content-middle\"  style=\"padding-top: 0px; padding-bottom: 0px; \"><div class=\"row-bg-wrap\" data-bg-animation=\"none\" data-bg-animation-delay=\"\" data-bg-overlay=\"false\"><div class=\"inner-wrap row-bg-layer\" ><div class=\"row-bg viewport-desktop\"  style=\"\"><\/div><\/div><\/div><div class=\"row_col_wrap_12 col span_12 dark left\">\n\t<div  class=\"vc_col-sm-6 wpb_column column_container vc_column_container col no-extra-padding inherit_tablet inherit_phone\"  data-padding-pos=\"all\" data-has-bg-color=\"false\" data-bg-color=\"\" data-bg-opacity=\"1\" data-animation=\"\" data-delay=\"0\" >\n\t\t<div class=\"vc_column-inner\" >\n\t\t\t<div class=\"wpb_wrapper\">\n\t\t\t\t\n<div class=\"wpb_text_column wpb_content_element\" >\n\t<div class=\"wpb_wrapper\">\n\t\t<p>Goah has a very strong goal to improve the quality of life of the vulnerable street children and orphans through education, care, love and support. In addition, Goah promotes the strengthening of street children in various areas that affect humanity.<\/p>\n\t<\/div>\n<\/div>\n\n\n\n\n\t\t\t<\/div> \n\t\t<\/div>\n\t<\/div> \n\n\t<div  class=\"vc_col-sm-6 wpb_column column_container vc_column_container col no-extra-padding inherit_tablet inherit_phone\"  data-padding-pos=\"all\" data-has-bg-color=\"false\" data-bg-color=\"\" data-bg-opacity=\"1\" data-animation=\"\" data-delay=\"0\" >\n\t\t<div class=\"vc_column-inner\" >\n\t\t\t<div class=\"wpb_wrapper\">\n\t\t\t\t<div class=\"img-with-aniamtion-wrap center\" data-max-width=\"100%\" data-max-width-mobile=\"default\" data-border-radius=\"3px\" data-shadow=\"small_depth\" data-animation=\"fade-in\" >\n      <div class=\"inner\">\n        <div class=\"hover-wrap\"> \n          <div class=\"hover-wrap-inner\">\n            <img loading=\"lazy\" decoding=\"async\" class=\"img-with-animation skip-lazy\" data-delay=\"0\" height=\"600\" width=\"600\" data-animation=\"fade-in\" src=\"https:\/\/goah-sonnenaufgang.com\/wp-content\/uploads\/2021\/03\/Mission-und-Vission-von-Goah-Sonnenaufgang-Verein-fuer-aethiopische-Strassenkinder.jpg\" alt=\"Mission und Vision von Goah\" srcset=\"https:\/\/goah-sonnenaufgang.com\/wp-content\/uploads\/2021\/03\/Mission-und-Vission-von-Goah-Sonnenaufgang-Verein-fuer-aethiopische-Strassenkinder.jpg 600w, https:\/\/goah-sonnenaufgang.com\/wp-content\/uploads\/2021\/03\/Mission-und-Vission-von-Goah-Sonnenaufgang-Verein-fuer-aethiopische-Strassenkinder-300x300.jpg 300w, https:\/\/goah-sonnenaufgang.com\/wp-content\/uploads\/2021\/03\/Mission-und-Vission-von-Goah-Sonnenaufgang-Verein-fuer-aethiopische-Strassenkinder-150x150.jpg 150w, https:\/\/goah-sonnenaufgang.com\/wp-content\/uploads\/2021\/03\/Mission-und-Vission-von-Goah-Sonnenaufgang-Verein-fuer-aethiopische-Strassenkinder-12x12.jpg 12w, https:\/\/goah-sonnenaufgang.com\/wp-content\/uploads\/2021\/03\/Mission-und-Vission-von-Goah-Sonnenaufgang-Verein-fuer-aethiopische-Strassenkinder-100x100.jpg 100w, https:\/\/goah-sonnenaufgang.com\/wp-content\/uploads\/2021\/03\/Mission-und-Vission-von-Goah-Sonnenaufgang-Verein-fuer-aethiopische-Strassenkinder-140x140.jpg 140w, https:\/\/goah-sonnenaufgang.com\/wp-content\/uploads\/2021\/03\/Mission-und-Vission-von-Goah-Sonnenaufgang-Verein-fuer-aethiopische-Strassenkinder-500x500.jpg 500w, https:\/\/goah-sonnenaufgang.com\/wp-content\/uploads\/2021\/03\/Mission-und-Vission-von-Goah-Sonnenaufgang-Verein-fuer-aethiopische-Strassenkinder-350x350.jpg 350w\" sizes=\"auto, (max-width: 600px) 100vw, 600px\" \/>\n          <\/div>\n        <\/div>\n      <\/div>\n    <\/div>\n\t\t\t<\/div> \n\t\t<\/div>\n\t<\/div> \n<\/div><\/div>\n\t\t<div id=\"fws_69e8eb9cac9ca\"  data-column-margin=\"default\" data-midnight=\"dark\"  class=\"wpb_row vc_row-fluid vc_row\"  style=\"padding-top: 0px; padding-bottom: 0px; \"><div class=\"row-bg-wrap\" data-bg-animation=\"none\" data-bg-animation-delay=\"\" data-bg-overlay=\"false\"><div class=\"inner-wrap row-bg-layer\" ><div class=\"row-bg viewport-desktop\"  style=\"\"><\/div><\/div><\/div><div class=\"row_col_wrap_12 col span_12 dark left\">\n\t<div  class=\"vc_col-sm-6 wpb_column column_container vc_column_container col padding-1-percent inherit_tablet inherit_phone\"  data-padding-pos=\"all\" data-has-bg-color=\"false\" data-bg-color=\"\" data-bg-opacity=\"1\" data-animation=\"\" data-delay=\"0\" >\n\t\t<div class=\"vc_column-inner\" >\n\t\t\t<div class=\"wpb_wrapper\">\n\t\t\t\t\n<div class=\"wpb_text_column wpb_content_element\" >\n\t<div class=\"wpb_wrapper\">\n\t\t<p>Children represent a large percentage of the population in Ethiopia. In Ethiopia, 44% of the population is younger than 14 years and 65% of the population is younger than 25 years. The child should grow up in a family environment and in an atmosphere of happiness, love, guidance and understanding! However, when we talk about people at risk in Ethiopia, no person is more vulnerable than a child. The Ethiopian Ministry of Health reported in the year 1987, 2,656,195 single and double orphans. Today there are more than 4 million children. The most common causes of orphans or separation of children from their parents are famine, conflict, displacement and lost parents due to HIV \/ AIDS. Children without parents or relatives who can take care of them are forced to live hopelessly on the street.<\/p>\n\t<\/div>\n<\/div>\n\n\n\n\n\t\t\t<\/div> \n\t\t<\/div>\n\t<\/div> \n\n\t<div  class=\"vc_col-sm-6 wpb_column column_container vc_column_container col padding-1-percent inherit_tablet inherit_phone\"  data-padding-pos=\"all\" data-has-bg-color=\"false\" data-bg-color=\"\" data-bg-opacity=\"1\" data-animation=\"\" data-delay=\"0\" >\n\t\t<div class=\"vc_column-inner\" >\n\t\t\t<div class=\"wpb_wrapper\">\n\t\t\t\t\n<div class=\"wpb_text_column wpb_content_element\" >\n\t<div class=\"wpb_wrapper\">\n\t\t<p>Many <strong>homeless and impoverished children<\/strong> in Ethiopia need <strong>care<\/strong> and <strong>education<\/strong>. Poverty in childhood is a cause of poverty in adulthood. Impoverished children often become impoverished parents, who in turn raise their own children in poverty. To break this <strong>cycle of poverty<\/strong> government, civil society and the public sector should play their role. By helping the poorest of the poor, one can <strong>exert the greatest influence on society.<\/strong> aus\u00fcben.<\/p>\n\t<\/div>\n<\/div>\n\n\n\n\n\t\t\t<\/div> \n\t\t<\/div>\n\t<\/div> \n<\/div><\/div>\n\t\t<div id=\"fws_69e8eb9cadeb9\"  data-column-margin=\"default\" data-midnight=\"dark\"  class=\"wpb_row vc_row-fluid vc_row\"  style=\"padding-top: 0px; padding-bottom: 0px; \"><div class=\"row-bg-wrap\" data-bg-animation=\"none\" data-bg-animation-delay=\"\" data-bg-overlay=\"false\"><div class=\"inner-wrap row-bg-layer\" ><div class=\"row-bg viewport-desktop\"  style=\"\"><\/div><\/div><\/div><div class=\"row_col_wrap_12 col span_12 dark left\">\n\t<div  class=\"vc_col-sm-6 wpb_column column_container vc_column_container col padding-1-percent inherit_tablet inherit_phone\"  data-padding-pos=\"all\" data-has-bg-color=\"false\" data-bg-color=\"\" data-bg-opacity=\"1\" data-animation=\"\" data-delay=\"0\" >\n\t\t<div class=\"vc_column-inner\" >\n\t\t\t<div class=\"wpb_wrapper\">\n\t\t\t\t\n<div class=\"wpb_text_column wpb_content_element\" >\n\t<div class=\"wpb_wrapper\">\n\t\t<p><strong>Bahir Dar<\/strong> is the capital of the Amhara region and it is one of the largest cities in Ethiopia. The city is a key area for many people from different directions looking for better <strong>living,<\/strong>, <strong>education<\/strong> and <strong>employment<\/strong>. Women, in particular, are more vulnerable to urban migration as rural-city factors such as arranged marriage, rape, kidnapping, and enormous suffering and exploitation play a role in rural areas. Due to the ever-increasing price of living conditions, numerous socio-economic problems and other factors in the city, economically deprived parts of the community such as children, adolescents and women are very vulnerable to social crises. The children and the young population are the <strong>most affected groups<\/strong> in society. According to data collected and assembled at the Bahir Dar Women's, Children and Youth Authority Office (March 2011), there are more than two thousand orphaned and vulnerable children in only nine Kebele administrations. These orphans and vulnerable children are in difficult circumstances and urgently<strong> need help<\/strong> and <strong>and support<\/strong> from development actors.<\/p>\n\t<\/div>\n<\/div>\n\n\n\n\n\t\t\t<\/div> \n\t\t<\/div>\n\t<\/div> \n\n\t<div  class=\"vc_col-sm-6 wpb_column column_container vc_column_container col padding-1-percent inherit_tablet inherit_phone\"  data-padding-pos=\"all\" data-has-bg-color=\"false\" data-bg-color=\"\" data-bg-opacity=\"1\" data-animation=\"\" data-delay=\"0\" >\n\t\t<div class=\"vc_column-inner\" >\n\t\t\t<div class=\"wpb_wrapper\">\n\t\t\t\t\n<div class=\"wpb_text_column wpb_content_element\" >\n\t<div class=\"wpb_wrapper\">\n\t\t<p>Studies on children show that the key <strong>challenge<\/strong> facing children in dire poverty is inadequate <strong>food<\/strong>, access to <strong>healthcare<\/strong>, access to education and lack of access to <strong>clean water.<\/strong> Given the multidimensional nature of poverty, its measurement should encompass a multitude of dimensions, not just income, since the exclusive focus on income omits important aspects of what it means to be poor.<\/p>\n\t<\/div>\n<\/div>\n\n\n\n\n\t\t\t<\/div> \n\t\t<\/div>\n\t<\/div> \n<\/div><\/div>","protected":false},"excerpt":{"rendered":"Mission &amp; Vision Goah hat ein sehr starkes Ziel, die Lebensqualit\u00e4t der gef\u00e4hrdeten Stra\u00dfenkinder und Waisenkinder durch Bildung, Pflege, Liebe und Unterst\u00fctzung zu verbessern. Dar\u00fcber hinaus f\u00f6rdert Goah die St\u00e4rkung...","protected":false},"author":1,"featured_media":0,"parent":0,"menu_order":0,"comment_status":"closed","ping_status":"closed","template":"","meta":{"footnotes":""},"class_list":["post-24","page","type-page","status-publish"],"_links":{"self":[{"href":"https:\/\/goah-sonnenaufgang.com\/en\/wp-json\/wp\/v2\/pages\/24","targetHints":{"allow":["GET"]}}],"collection":[{"href":"https:\/\/goah-sonnenaufgang.com\/en\/wp-json\/wp\/v2\/pages"}],"about":[{"href":"https:\/\/goah-sonnenaufgang.com\/en\/wp-json\/wp\/v2\/types\/page"}],"author":[{"embeddable":true,"href":"https:\/\/goah-sonnenaufgang.com\/en\/wp-json\/wp\/v2\/users\/1"}],"replies":[{"embeddable":true,"href":"https:\/\/goah-sonnenaufgang.com\/en\/wp-json\/wp\/v2\/comments?post=24"}],"version-history":[{"count":5,"href":"https:\/\/goah-sonnenaufgang.com\/en\/wp-json\/wp\/v2\/pages\/24\/revisions"}],"predecessor-version":[{"id":345,"href":"https:\/\/goah-sonnenaufgang.com\/en\/wp-json\/wp\/v2\/pages\/24\/revisions\/345"}],"wp:attachment":[{"href":"https:\/\/goah-sonnenaufgang.com\/en\/wp-json\/wp\/v2\/media?parent=24"}],"curies":[{"name":"wp","href":"https:\/\/api.w.org\/{rel}","templated":true}]}}