{"id":22,"date":"2021-02-22T10:32:42","date_gmt":"2021-02-22T10:32:42","guid":{"rendered":"http:\/\/goah-sonnenaufgang.com\/?page_id=22"},"modified":"2024-12-18T16:59:33","modified_gmt":"2024-12-18T16:59:33","slug":"die-gruenderperson","status":"publish","type":"page","link":"https:\/\/goah-sonnenaufgang.com\/en\/die-gruenderperson\/","title":{"rendered":"The Founder"},"content":{"rendered":"<div id=\"fws_69e8eae3bba33\"  data-column-margin=\"default\" data-midnight=\"dark\"  class=\"wpb_row vc_row-fluid vc_row\"  style=\"padding-top: 0px; padding-bottom: 0px; \"><div class=\"row-bg-wrap\" data-bg-animation=\"none\" data-bg-animation-delay=\"\" data-bg-overlay=\"false\"><div class=\"inner-wrap row-bg-layer\" ><div class=\"row-bg viewport-desktop\"  style=\"\"><\/div><\/div><\/div><div class=\"row_col_wrap_12 col span_12 dark left\">\n\t<div  class=\"vc_col-sm-12 wpb_column column_container vc_column_container col no-extra-padding inherit_tablet inherit_phone\"  data-padding-pos=\"all\" data-has-bg-color=\"false\" data-bg-color=\"\" data-bg-opacity=\"1\" data-animation=\"\" data-delay=\"0\" >\n\t\t<div class=\"vc_column-inner\" >\n\t\t\t<div class=\"wpb_wrapper\">\n\t\t\t\t\n<div class=\"wpb_text_column wpb_content_element\" >\n\t<div class=\"wpb_wrapper\">\n\t\t<h1>About the Founder<\/h1>\n\t<\/div>\n<\/div>\n\n\n\n\n\t\t\t<\/div> \n\t\t<\/div>\n\t<\/div> \n<\/div><\/div>\n\t\t<div id=\"fws_69e8eae3bd17f\"  data-column-margin=\"default\" data-midnight=\"dark\"  class=\"wpb_row vc_row-fluid vc_row\"  style=\"padding-top: 0px; padding-bottom: 0px; \"><div class=\"row-bg-wrap\" data-bg-animation=\"none\" data-bg-animation-delay=\"\" data-bg-overlay=\"false\"><div class=\"inner-wrap row-bg-layer\" ><div class=\"row-bg viewport-desktop\"  style=\"\"><\/div><\/div><\/div><div class=\"row_col_wrap_12 col span_12 dark left\">\n\t<div  class=\"vc_col-sm-6 wpb_column column_container vc_column_container col no-extra-padding inherit_tablet inherit_phone\"  data-padding-pos=\"all\" data-has-bg-color=\"false\" data-bg-color=\"\" data-bg-opacity=\"1\" data-animation=\"\" data-delay=\"0\" >\n\t\t<div class=\"vc_column-inner\" >\n\t\t\t<div class=\"wpb_wrapper\">\n\t\t\t\t<div class=\"img-with-aniamtion-wrap center\" data-max-width=\"100%\" data-max-width-mobile=\"default\" data-border-radius=\"5px\" data-shadow=\"small_depth\" data-animation=\"fade-in\" >\n      <div class=\"inner\">\n        <div class=\"hover-wrap\"> \n          <div class=\"hover-wrap-inner\">\n            <img loading=\"lazy\" decoding=\"async\" class=\"img-with-animation skip-lazy\" data-delay=\"0\" height=\"600\" width=\"600\" data-animation=\"fade-in\" src=\"https:\/\/goah-sonnenaufgang.com\/wp-content\/uploads\/2021\/03\/Worknesh-Menayie-Gruenderin-von-Goah-Sonnenaufgang-Verein-fuer-aethiopische-Strassenkinder.jpg\" alt=\"Worknesh Menayie\" srcset=\"https:\/\/goah-sonnenaufgang.com\/wp-content\/uploads\/2021\/03\/Worknesh-Menayie-Gruenderin-von-Goah-Sonnenaufgang-Verein-fuer-aethiopische-Strassenkinder.jpg 600w, https:\/\/goah-sonnenaufgang.com\/wp-content\/uploads\/2021\/03\/Worknesh-Menayie-Gruenderin-von-Goah-Sonnenaufgang-Verein-fuer-aethiopische-Strassenkinder-300x300.jpg 300w, https:\/\/goah-sonnenaufgang.com\/wp-content\/uploads\/2021\/03\/Worknesh-Menayie-Gruenderin-von-Goah-Sonnenaufgang-Verein-fuer-aethiopische-Strassenkinder-150x150.jpg 150w, https:\/\/goah-sonnenaufgang.com\/wp-content\/uploads\/2021\/03\/Worknesh-Menayie-Gruenderin-von-Goah-Sonnenaufgang-Verein-fuer-aethiopische-Strassenkinder-12x12.jpg 12w, https:\/\/goah-sonnenaufgang.com\/wp-content\/uploads\/2021\/03\/Worknesh-Menayie-Gruenderin-von-Goah-Sonnenaufgang-Verein-fuer-aethiopische-Strassenkinder-100x100.jpg 100w, https:\/\/goah-sonnenaufgang.com\/wp-content\/uploads\/2021\/03\/Worknesh-Menayie-Gruenderin-von-Goah-Sonnenaufgang-Verein-fuer-aethiopische-Strassenkinder-140x140.jpg 140w, https:\/\/goah-sonnenaufgang.com\/wp-content\/uploads\/2021\/03\/Worknesh-Menayie-Gruenderin-von-Goah-Sonnenaufgang-Verein-fuer-aethiopische-Strassenkinder-500x500.jpg 500w, https:\/\/goah-sonnenaufgang.com\/wp-content\/uploads\/2021\/03\/Worknesh-Menayie-Gruenderin-von-Goah-Sonnenaufgang-Verein-fuer-aethiopische-Strassenkinder-350x350.jpg 350w\" sizes=\"auto, (max-width: 600px) 100vw, 600px\" \/>\n          <\/div>\n        <\/div>\n      <\/div>\n    <\/div>\n\t\t\t<\/div> \n\t\t<\/div>\n\t<\/div> \n\n\t<div  class=\"vc_col-sm-6 wpb_column column_container vc_column_container col padding-1-percent inherit_tablet inherit_phone\"  data-padding-pos=\"all\" data-has-bg-color=\"false\" data-bg-color=\"\" data-bg-opacity=\"1\" data-animation=\"\" data-delay=\"0\" >\n\t\t<div class=\"vc_column-inner\" >\n\t\t\t<div class=\"wpb_wrapper\">\n\t\t\t\t\n<div class=\"wpb_text_column wpb_content_element\" >\n\t<div class=\"wpb_wrapper\">\n\t\t<h2>The Founder of Goah Sunrise<\/h2>\n\t<\/div>\n<\/div>\n\n\n\n\n<div class=\"wpb_text_column wpb_content_element  vc_custom_1614603831924\" >\n\t<div class=\"wpb_wrapper\">\n\t\t<p>My name is Worknesh Menayie and I am the founder of the association Goah.<\/p>\n<p>I was born on the 24th February 1973 in Ethiopia, in the Region Gojam (approximately 60 km away from Bahir Dar). I am the second oldest of 8 children.<\/p>\n\t<\/div>\n<\/div>\n\n\n\n<div id=\"fws_69e8eae3bfc8f\" data-midnight=\"\" data-column-margin=\"default\" class=\"wpb_row vc_row-fluid vc_row inner_row\"  style=\"padding-top: 5%; \"><div class=\"row-bg-wrap\"> <div class=\"row-bg\" ><\/div> <\/div><div class=\"row_col_wrap_12_inner col span_12  center\">\n\t<div  class=\"vc_col-sm-2 wpb_column column_container vc_column_container col child_column no-extra-padding inherit_tablet inherit_phone\"   data-padding-pos=\"all\" data-has-bg-color=\"false\" data-bg-color=\"\" data-bg-opacity=\"1\" data-animation=\"\" data-delay=\"0\" >\n\t\t<div class=\"vc_column-inner\" >\n\t\t<div class=\"wpb_wrapper\">\n\t\t\t\n\t\t<\/div> \n\t<\/div>\n\t<\/div> \n\n\t<div  class=\"vc_col-sm-8 wpb_column column_container vc_column_container col child_column centered-text no-extra-padding inherit_tablet inherit_phone\"   data-padding-pos=\"all\" data-has-bg-color=\"false\" data-bg-color=\"\" data-bg-opacity=\"1\" data-animation=\"\" data-delay=\"0\" >\n\t\t<div class=\"vc_column-inner\" >\n\t\t<div class=\"wpb_wrapper\">\n\t\t\t<div class=\"img-with-aniamtion-wrap\" data-max-width=\"100%\" data-max-width-mobile=\"default\" data-shadow=\"none\" data-animation=\"fade-in\" >\n      <div class=\"inner\">\n        <div class=\"hover-wrap\"> \n          <div class=\"hover-wrap-inner\">\n            <img loading=\"lazy\" decoding=\"async\" class=\"img-with-animation skip-lazy\" data-delay=\"0\" height=\"896\" width=\"899\" data-animation=\"fade-in\" src=\"https:\/\/goah-sonnenaufgang.com\/wp-content\/uploads\/2021\/03\/Provinces_Ethiopie.png\" alt=\"Provinzen von \u00c4thiopien\"  \/>\n          <\/div>\n        <\/div>\n      <\/div>\n    <\/div>\n\t\t<\/div> \n\t<\/div>\n\t<\/div> \n\n\t<div  class=\"vc_col-sm-2 wpb_column column_container vc_column_container col child_column no-extra-padding inherit_tablet inherit_phone\"   data-padding-pos=\"all\" data-has-bg-color=\"false\" data-bg-color=\"\" data-bg-opacity=\"1\" data-animation=\"\" data-delay=\"0\" >\n\t\t<div class=\"vc_column-inner\" >\n\t\t<div class=\"wpb_wrapper\">\n\t\t\t\n\t\t<\/div> \n\t<\/div>\n\t<\/div> \n<\/div><\/div>\n\t\t\t<\/div> \n\t\t<\/div>\n\t<\/div> \n<\/div><\/div>\n\t\t<div id=\"fws_69e8eae3c2dcf\"  data-column-margin=\"default\" data-midnight=\"dark\" data-top-percent=\"5%\" data-bottom-percent=\"5%\"  class=\"wpb_row vc_row-fluid vc_row full-width-section\"  style=\"padding-top: calc(100vw * 0.05); padding-bottom: calc(100vw * 0.05); \"><div class=\"row-bg-wrap\" data-bg-animation=\"none\" data-bg-animation-delay=\"\" data-bg-overlay=\"true\"><div class=\"inner-wrap row-bg-layer using-image\" ><div class=\"row-bg viewport-desktop using-image\"  style=\"background-image: url(https:\/\/goah-sonnenaufgang.com\/wp-content\/uploads\/2021\/03\/vienna.jpg); background-position: center center; background-repeat: no-repeat; \"><\/div><\/div><div class=\"row-bg-overlay row-bg-layer\" style=\"background-color:#141414;  opacity: 0.5; \"><\/div><\/div><div class=\"row_col_wrap_12 col span_12 dark left\">\n\t<div style=\" color: #ffffff;\" class=\"vc_col-sm-12 wpb_column column_container vc_column_container col no-extra-padding inherit_tablet inherit_phone\" data-cfc=\"true\"  data-padding-pos=\"all\" data-has-bg-color=\"false\" data-bg-color=\"\" data-bg-opacity=\"1\" data-animation=\"\" data-delay=\"0\" >\n\t\t<div class=\"vc_column-inner\" >\n\t\t\t<div class=\"wpb_wrapper\">\n\t\t\t\t\n<div class=\"wpb_text_column wpb_content_element\" >\n\t<div class=\"wpb_wrapper\">\n\t\t<h2 class=\"white\">New Chapter: Vienna<\/h2>\n\t<\/div>\n<\/div>\n\n\n\n\n<div class=\"wpb_text_column wpb_content_element  vc_custom_1614604376138\" >\n\t<div class=\"wpb_wrapper\">\n\t\t<p>I have been living in Vienna for 21 years, was married for 16 years and have a 18-year-old son.<\/p>\n<p>Since I worked in my home country as a trained cook, I wanted to bring a piece of home to Vienna. That's why I'm a former owner of the restaurant \"Lalibela\" in the 18th district.<\/p>\n<p>After 3 years I had to give up my former restaurant and devoted myself from April 2017 to another, very important passion:<\/p>\n\t<\/div>\n<\/div>\n\n\n\n<div id=\"fws_69e8eae3c3a37\" data-midnight=\"\" data-column-margin=\"default\" class=\"wpb_row vc_row-fluid vc_row inner_row  vc_custom_1614606025046\"  style=\"\"><div class=\"row-bg-wrap\"> <div class=\"row-bg\" ><\/div> <\/div><div class=\"row_col_wrap_12_inner col span_12  left\">\n\t<div  class=\"vc_col-sm-12 wpb_column column_container vc_column_container col child_column centered-text no-extra-padding inherit_tablet inherit_phone\"   data-padding-pos=\"all\" data-has-bg-color=\"false\" data-bg-color=\"\" data-bg-opacity=\"1\" data-animation=\"\" data-delay=\"0\" >\n\t\t<div class=\"vc_column-inner\" >\n\t\t<div class=\"wpb_wrapper\">\n\t\t\t<div class=\"img-with-aniamtion-wrap center\" data-max-width=\"100%\" data-max-width-mobile=\"default\" data-border-radius=\"3px\" data-shadow=\"none\" data-animation=\"fade-in\" >\n      <div class=\"inner\">\n        <div class=\"hover-wrap\"> \n          <div class=\"hover-wrap-inner\">\n            <img loading=\"lazy\" decoding=\"async\" class=\"img-with-animation skip-lazy\" data-delay=\"0\" height=\"221\" width=\"243\" data-animation=\"fade-in\" src=\"https:\/\/goah-sonnenaufgang.com\/wp-content\/uploads\/2021\/03\/logo.png\" alt=\"Logo Goah Sonnenaufgang\" srcset=\"https:\/\/goah-sonnenaufgang.com\/wp-content\/uploads\/2021\/03\/logo.png 243w, https:\/\/goah-sonnenaufgang.com\/wp-content\/uploads\/2021\/03\/logo-13x12.png 13w\" sizes=\"auto, (max-width: 243px) 100vw, 243px\" \/>\n          <\/div>\n        <\/div>\n      <\/div>\n    <\/div>\n<div class=\"wpb_text_column wpb_content_element\" >\n\t<div class=\"wpb_wrapper\">\n\t\t<p><strong>Goah (amharic for 'Sunrise')<\/strong><\/p>\n\t<\/div>\n<\/div>\n\n\n\n\n\t\t<\/div> \n\t<\/div>\n\t<\/div> \n<\/div><\/div>\n\t\t\t<\/div> \n\t\t<\/div>\n\t<\/div> \n<\/div><\/div>","protected":false},"excerpt":{"rendered":"\u00dcber die Gr\u00fcnderperson Die Gr\u00fcnderin von Goah Sonnenaufgang Mein Name ist Worknesh Menayie und ich bin die Gr\u00fcnderin vom Verein Goah. Ich wurde am 24.02.1973 in \u00c4thiopien, in der Region...","protected":false},"author":1,"featured_media":0,"parent":0,"menu_order":0,"comment_status":"closed","ping_status":"closed","template":"","meta":{"footnotes":""},"class_list":["post-22","page","type-page","status-publish"],"_links":{"self":[{"href":"https:\/\/goah-sonnenaufgang.com\/en\/wp-json\/wp\/v2\/pages\/22","targetHints":{"allow":["GET"]}}],"collection":[{"href":"https:\/\/goah-sonnenaufgang.com\/en\/wp-json\/wp\/v2\/pages"}],"about":[{"href":"https:\/\/goah-sonnenaufgang.com\/en\/wp-json\/wp\/v2\/types\/page"}],"author":[{"embeddable":true,"href":"https:\/\/goah-sonnenaufgang.com\/en\/wp-json\/wp\/v2\/users\/1"}],"replies":[{"embeddable":true,"href":"https:\/\/goah-sonnenaufgang.com\/en\/wp-json\/wp\/v2\/comments?post=22"}],"version-history":[{"count":5,"href":"https:\/\/goah-sonnenaufgang.com\/en\/wp-json\/wp\/v2\/pages\/22\/revisions"}],"predecessor-version":[{"id":344,"href":"https:\/\/goah-sonnenaufgang.com\/en\/wp-json\/wp\/v2\/pages\/22\/revisions\/344"}],"wp:attachment":[{"href":"https:\/\/goah-sonnenaufgang.com\/en\/wp-json\/wp\/v2\/media?parent=22"}],"curies":[{"name":"wp","href":"https:\/\/api.w.org\/{rel}","templated":true}]}}